{"id":23,"date":"2024-02-10T18:08:56","date_gmt":"2024-02-10T17:08:56","guid":{"rendered":"https:\/\/lalibrecomedie.fr\/?page_id=23"},"modified":"2024-04-30T22:46:21","modified_gmt":"2024-04-30T20:46:21","slug":"accueil","status":"publish","type":"page","link":"https:\/\/lalibrecomedie.fr\/","title":{"rendered":"La Libre Com\u00e9die"},"content":{"rendered":"\n<h3 class=\"wp-block-heading\">R\u00eaver, aimer et rire : Voil\u00e0 ce qui nous anime depuis plus de 15 ans.<\/h3>\n\n\n\n<div class=\"wp-block-group is-content-justification-center is-nowrap is-layout-flex wp-container-core-group-is-layout-1 wp-block-group-is-layout-flex\"><div class=\"wp-block-image is-style-default\">\n<figure class=\"aligncenter size-full is-resized\"><img loading=\"lazy\" decoding=\"async\" width=\"960\" height=\"1706\" src=\"http:\/\/lalibrecomedie.fr\/wp-content\/uploads\/2024\/04\/Alexandrine-GCB-scaled-e1714509115538.jpg\" alt=\"La Grande Cuisine Bouffonne - Page d'accueil\" class=\"wp-image-1500\" style=\"width:275px\" srcset=\"https:\/\/lalibrecomedie.fr\/wp-content\/uploads\/2024\/04\/Alexandrine-GCB-scaled-e1714509115538.jpg 960w, https:\/\/lalibrecomedie.fr\/wp-content\/uploads\/2024\/04\/Alexandrine-GCB-scaled-e1714509115538-169x300.jpg 169w, https:\/\/lalibrecomedie.fr\/wp-content\/uploads\/2024\/04\/Alexandrine-GCB-scaled-e1714509115538-576x1024.jpg 576w, https:\/\/lalibrecomedie.fr\/wp-content\/uploads\/2024\/04\/Alexandrine-GCB-scaled-e1714509115538-768x1365.jpg 768w, https:\/\/lalibrecomedie.fr\/wp-content\/uploads\/2024\/04\/Alexandrine-GCB-scaled-e1714509115538-864x1536.jpg 864w, https:\/\/lalibrecomedie.fr\/wp-content\/uploads\/2024\/04\/Alexandrine-GCB-scaled-e1714509115538-508x903.jpg 508w\" sizes=\"auto, (max-width: 960px) 100vw, 960px\" \/><\/figure><\/div>\n\n\n<p class=\"has-text-align-left txt-justify\">Notre compagnie, La Libre Com\u00e9die, parcourt nos vies au travers du burlesque, du clownesque et de la com\u00e9die sous toutes ses formes.<\/p>\n<\/div>\n\n\n\n<div class=\"wp-block-group is-content-justification-center is-nowrap is-layout-flex wp-container-core-group-is-layout-2 wp-block-group-is-layout-flex\">\n<p class=\"has-text-align-left txt-justify\">De Raymond Queneau \u00e0 Tchekov, de Rabelais \u00e0 Moli\u00e8re, nous explorons le monde. Sans oublier, les pi\u00e8ces d&rsquo;aujourd&rsquo;hui, avec des auteurs tels que Paul Fournel ou Bernard Fripiat.<\/p>\n\n\n<div class=\"wp-block-image is-style-default\">\n<figure class=\"aligncenter size-full is-resized\"><img loading=\"lazy\" decoding=\"async\" width=\"1442\" height=\"2560\" src=\"http:\/\/lalibrecomedie.fr\/wp-content\/uploads\/2024\/04\/DSC_7518-scaled-e1714509708975.jpg\" alt=\"VSM - Page d'accueil\" class=\"wp-image-1507\" style=\"width:350px\" srcset=\"https:\/\/lalibrecomedie.fr\/wp-content\/uploads\/2024\/04\/DSC_7518-scaled-e1714509708975.jpg 1442w, https:\/\/lalibrecomedie.fr\/wp-content\/uploads\/2024\/04\/DSC_7518-scaled-e1714509708975-169x300.jpg 169w, https:\/\/lalibrecomedie.fr\/wp-content\/uploads\/2024\/04\/DSC_7518-scaled-e1714509708975-577x1024.jpg 577w, https:\/\/lalibrecomedie.fr\/wp-content\/uploads\/2024\/04\/DSC_7518-scaled-e1714509708975-768x1363.jpg 768w, https:\/\/lalibrecomedie.fr\/wp-content\/uploads\/2024\/04\/DSC_7518-scaled-e1714509708975-865x1536.jpg 865w, https:\/\/lalibrecomedie.fr\/wp-content\/uploads\/2024\/04\/DSC_7518-scaled-e1714509708975-1154x2048.jpg 1154w, https:\/\/lalibrecomedie.fr\/wp-content\/uploads\/2024\/04\/DSC_7518-scaled-e1714509708975-1240x2201.jpg 1240w, https:\/\/lalibrecomedie.fr\/wp-content\/uploads\/2024\/04\/DSC_7518-scaled-e1714509708975-508x902.jpg 508w\" sizes=\"auto, (max-width: 1442px) 100vw, 1442px\" \/><\/figure><\/div><\/div>\n\n\n\n<div class=\"wp-block-group is-content-justification-center is-nowrap is-layout-flex wp-container-core-group-is-layout-3 wp-block-group-is-layout-flex\"><div class=\"wp-block-image is-style-default\">\n<figure class=\"aligncenter size-full is-resized\"><img loading=\"lazy\" decoding=\"async\" width=\"407\" height=\"720\" src=\"http:\/\/lalibrecomedie.fr\/wp-content\/uploads\/2024\/04\/Shotcut_00_00_13_833-P.png\" alt=\"Grande Cuisine Bouffonne - Page d'accueil\" class=\"wp-image-1509\" style=\"width:375px\" srcset=\"https:\/\/lalibrecomedie.fr\/wp-content\/uploads\/2024\/04\/Shotcut_00_00_13_833-P.png 407w, https:\/\/lalibrecomedie.fr\/wp-content\/uploads\/2024\/04\/Shotcut_00_00_13_833-P-170x300.png 170w\" sizes=\"auto, (max-width: 407px) 100vw, 407px\" \/><\/figure><\/div>\n\n\n<p class=\"has-text-align-left txt-justify\">Nous proposons des spectacles pour tous, ainsi qu&rsquo;en milieu scolaire, et en animations de rue. Le th\u00e9\u00e2tre est toujours une f\u00eate, un divertissement qui rassemble le public et les com\u00e9diens pour un moment de partage.<\/p>\n<\/div>\n\n\n\n<div class=\"wp-block-group is-content-justification-center is-nowrap is-layout-flex wp-container-core-group-is-layout-4 wp-block-group-is-layout-flex\">\n<p class=\"has-text-align-left txt-center\">Sylvio Pirrera,<br>Metteur en sc\u00e8ne, auteur et com\u00e9dien de La Libre Com\u00e9die.<\/p>\n\n\n<div class=\"wp-block-image is-style-default\">\n<figure class=\"aligncenter size-full is-resized\"><img loading=\"lazy\" decoding=\"async\" width=\"1126\" height=\"2000\" src=\"http:\/\/lalibrecomedie.fr\/wp-content\/uploads\/2024\/02\/IMG-20230731-WA0074-e1714507922436.jpg\" alt=\"Le Chapeau Bleu - Page d'accueil\" class=\"wp-image-208\" style=\"width:125px\" srcset=\"https:\/\/lalibrecomedie.fr\/wp-content\/uploads\/2024\/02\/IMG-20230731-WA0074-e1714507922436.jpg 1126w, https:\/\/lalibrecomedie.fr\/wp-content\/uploads\/2024\/02\/IMG-20230731-WA0074-e1714507922436-169x300.jpg 169w, https:\/\/lalibrecomedie.fr\/wp-content\/uploads\/2024\/02\/IMG-20230731-WA0074-e1714507922436-577x1024.jpg 577w, https:\/\/lalibrecomedie.fr\/wp-content\/uploads\/2024\/02\/IMG-20230731-WA0074-e1714507922436-768x1364.jpg 768w, https:\/\/lalibrecomedie.fr\/wp-content\/uploads\/2024\/02\/IMG-20230731-WA0074-e1714507922436-865x1536.jpg 865w, https:\/\/lalibrecomedie.fr\/wp-content\/uploads\/2024\/02\/IMG-20230731-WA0074-e1714507922436-508x902.jpg 508w\" sizes=\"auto, (max-width: 1126px) 100vw, 1126px\" \/><\/figure><\/div><\/div>\n","protected":false},"excerpt":{"rendered":"<p>R\u00eaver, aimer et rire : Voil\u00e0 ce qui nous anime depuis plus de 15 ans. Notre compagnie, La Libre Com\u00e9die, parcourt nos vies au travers du burlesque, du clownesque et de la com\u00e9die sous toutes ses formes. De Raymond Queneau \u00e0 Tchekov, de Rabelais \u00e0 Moli\u00e8re, nous explorons le monde. Sans oublier, les pi\u00e8ces d&rsquo;aujourd&rsquo;hui, [&hellip;]<\/p>\n","protected":false},"author":2,"featured_media":0,"parent":0,"menu_order":0,"comment_status":"closed","ping_status":"closed","template":"","meta":{"footnotes":""},"class_list":["post-23","page","type-page","status-publish","hentry"],"jetpack_sharing_enabled":true,"_links":{"self":[{"href":"https:\/\/lalibrecomedie.fr\/index.php\/wp-json\/wp\/v2\/pages\/23","targetHints":{"allow":["GET"]}}],"collection":[{"href":"https:\/\/lalibrecomedie.fr\/index.php\/wp-json\/wp\/v2\/pages"}],"about":[{"href":"https:\/\/lalibrecomedie.fr\/index.php\/wp-json\/wp\/v2\/types\/page"}],"author":[{"embeddable":true,"href":"https:\/\/lalibrecomedie.fr\/index.php\/wp-json\/wp\/v2\/users\/2"}],"replies":[{"embeddable":true,"href":"https:\/\/lalibrecomedie.fr\/index.php\/wp-json\/wp\/v2\/comments?post=23"}],"version-history":[{"count":39,"href":"https:\/\/lalibrecomedie.fr\/index.php\/wp-json\/wp\/v2\/pages\/23\/revisions"}],"predecessor-version":[{"id":1515,"href":"https:\/\/lalibrecomedie.fr\/index.php\/wp-json\/wp\/v2\/pages\/23\/revisions\/1515"}],"wp:attachment":[{"href":"https:\/\/lalibrecomedie.fr\/index.php\/wp-json\/wp\/v2\/media?parent=23"}],"curies":[{"name":"wp","href":"https:\/\/api.w.org\/{rel}","templated":true}]}}