{"id":1740,"date":"2026-02-14T01:10:28","date_gmt":"2026-02-14T00:10:28","guid":{"rendered":"https:\/\/lalibrecomedie.fr\/?page_id=1740"},"modified":"2026-04-20T01:41:43","modified_gmt":"2026-04-19T23:41:43","slug":"les-lunimoons","status":"publish","type":"page","link":"https:\/\/lalibrecomedie.fr\/index.php\/les-lunimoons\/","title":{"rendered":"Les Lunimoon&rsquo;s"},"content":{"rendered":"\n<div class=\"wp-block-group alignwide is-content-justification-center is-nowrap is-layout-flex wp-container-core-group-is-layout-1 wp-block-group-is-layout-flex\"><div class=\"wp-block-image\">\n<figure class=\"aligncenter size-full\"><img loading=\"lazy\" decoding=\"async\" width=\"335\" height=\"540\" src=\"https:\/\/lalibrecomedie.fr\/wp-content\/uploads\/2026\/02\/WhatsApp-Image-2026-02-14-at-01.19.54-2.jpeg\" alt=\"\" class=\"wp-image-1785\" srcset=\"https:\/\/lalibrecomedie.fr\/wp-content\/uploads\/2026\/02\/WhatsApp-Image-2026-02-14-at-01.19.54-2.jpeg 335w, https:\/\/lalibrecomedie.fr\/wp-content\/uploads\/2026\/02\/WhatsApp-Image-2026-02-14-at-01.19.54-2-186x300.jpeg 186w\" sizes=\"auto, (max-width: 335px) 100vw, 335px\" \/><\/figure><\/div>\n\n\n<figure class=\"wp-block-image size-large is-resized\"><img loading=\"lazy\" decoding=\"async\" width=\"788\" height=\"1024\" src=\"https:\/\/lalibrecomedie.fr\/wp-content\/uploads\/2026\/02\/WhatsApp-Image-2026-02-14-at-01.19.54-788x1024.jpeg\" alt=\"\" class=\"wp-image-1786\" style=\"width:416px;height:auto\" srcset=\"https:\/\/lalibrecomedie.fr\/wp-content\/uploads\/2026\/02\/WhatsApp-Image-2026-02-14-at-01.19.54-788x1024.jpeg 788w, https:\/\/lalibrecomedie.fr\/wp-content\/uploads\/2026\/02\/WhatsApp-Image-2026-02-14-at-01.19.54-231x300.jpeg 231w, https:\/\/lalibrecomedie.fr\/wp-content\/uploads\/2026\/02\/WhatsApp-Image-2026-02-14-at-01.19.54-768x998.jpeg 768w, https:\/\/lalibrecomedie.fr\/wp-content\/uploads\/2026\/02\/WhatsApp-Image-2026-02-14-at-01.19.54-1182x1536.jpeg 1182w, https:\/\/lalibrecomedie.fr\/wp-content\/uploads\/2026\/02\/WhatsApp-Image-2026-02-14-at-01.19.54-1240x1612.jpeg 1240w, https:\/\/lalibrecomedie.fr\/wp-content\/uploads\/2026\/02\/WhatsApp-Image-2026-02-14-at-01.19.54-508x660.jpeg 508w, https:\/\/lalibrecomedie.fr\/wp-content\/uploads\/2026\/02\/WhatsApp-Image-2026-02-14-at-01.19.54.jpeg 1448w\" sizes=\"auto, (max-width: 788px) 100vw, 788px\" \/><\/figure>\n<\/div>\n\n\n\n<p>Voici venir les LUNIMOON&rsquo;S, ils d\u00e9barquent de la Lune dans leurs habits blancs et aur\u00e9ol\u00e9s de lumi\u00e8re.<\/p>\n\n\n\n<p>Et quand ils bougent, ils sont dans le ? moove ? ; en douceur, ils font tinter leurs costumes et leurs longs b\u00e2tons. Ce ne sont pas des armes mais des instruments de navigation dans l&rsquo;espace!<\/p>\n\n\n<div class=\"wp-block-image\">\n<figure class=\"aligncenter size-large is-resized\"><img loading=\"lazy\" decoding=\"async\" width=\"768\" height=\"1024\" src=\"https:\/\/lalibrecomedie.fr\/wp-content\/uploads\/2026\/02\/WhatsApp-Image-2026-02-14-at-01.19.26-768x1024.jpeg\" alt=\"\" class=\"wp-image-1791\" style=\"width:428px;height:auto\" srcset=\"https:\/\/lalibrecomedie.fr\/wp-content\/uploads\/2026\/02\/WhatsApp-Image-2026-02-14-at-01.19.26-768x1024.jpeg 768w, https:\/\/lalibrecomedie.fr\/wp-content\/uploads\/2026\/02\/WhatsApp-Image-2026-02-14-at-01.19.26-225x300.jpeg 225w, https:\/\/lalibrecomedie.fr\/wp-content\/uploads\/2026\/02\/WhatsApp-Image-2026-02-14-at-01.19.26-1152x1536.jpeg 1152w, https:\/\/lalibrecomedie.fr\/wp-content\/uploads\/2026\/02\/WhatsApp-Image-2026-02-14-at-01.19.26-1240x1653.jpeg 1240w, https:\/\/lalibrecomedie.fr\/wp-content\/uploads\/2026\/02\/WhatsApp-Image-2026-02-14-at-01.19.26-508x677.jpeg 508w, https:\/\/lalibrecomedie.fr\/wp-content\/uploads\/2026\/02\/WhatsApp-Image-2026-02-14-at-01.19.26.jpeg 1500w\" sizes=\"auto, (max-width: 768px) 100vw, 768px\" \/><\/figure><\/div>\n\n\n<p>Ils parlent le LUNIMOUNIEN : un chant qui ressemble \u00e9trangement \u00e0 celui de nos baleines, entrecoup\u00e9 par les paroles s\u00e8ches et sonnantes du Grand Chambellan. Ah oui ! Au fait, j&rsquo;ai oubli\u00e9 de vous pr\u00e9senter les ambassadeurs de la Lune :<\/p>\n\n\n\n<p>Il y a d&rsquo;abord le Roi de la Lune et ses ailes majestueuses ; ensuite, son Grand Chambellan, pr\u00e9tentieux, petit et bomb\u00e9 ; L&rsquo;Enchanteresse, vieille et sage ; le Soldat, garde de sa majest\u00e9, tr\u00e8s  grand et impressionnant! Et enfin les Belles de Lune, v\u00e9ritables d\u00e9esses \u00e9tranges et myst\u00e9rieuses des \u00e9toiles. Voil\u00e0, je n&rsquo;ai oubli\u00e9 personne.<\/p>\n\n\n<div class=\"wp-block-image\">\n<figure class=\"aligncenter size-large is-resized\"><img loading=\"lazy\" decoding=\"async\" width=\"1024\" height=\"1024\" src=\"https:\/\/lalibrecomedie.fr\/wp-content\/uploads\/2026\/02\/WhatsApp-Image-2026-02-14-at-01.19.26-2-1024x1024.jpeg\" alt=\"\" class=\"wp-image-1787\" style=\"width:auto;height:500px\" srcset=\"https:\/\/lalibrecomedie.fr\/wp-content\/uploads\/2026\/02\/WhatsApp-Image-2026-02-14-at-01.19.26-2-1024x1024.jpeg 1024w, https:\/\/lalibrecomedie.fr\/wp-content\/uploads\/2026\/02\/WhatsApp-Image-2026-02-14-at-01.19.26-2-300x300.jpeg 300w, https:\/\/lalibrecomedie.fr\/wp-content\/uploads\/2026\/02\/WhatsApp-Image-2026-02-14-at-01.19.26-2-150x150.jpeg 150w, https:\/\/lalibrecomedie.fr\/wp-content\/uploads\/2026\/02\/WhatsApp-Image-2026-02-14-at-01.19.26-2-768x768.jpeg 768w, https:\/\/lalibrecomedie.fr\/wp-content\/uploads\/2026\/02\/WhatsApp-Image-2026-02-14-at-01.19.26-2-1536x1536.jpeg 1536w, https:\/\/lalibrecomedie.fr\/wp-content\/uploads\/2026\/02\/WhatsApp-Image-2026-02-14-at-01.19.26-2-1240x1240.jpeg 1240w, https:\/\/lalibrecomedie.fr\/wp-content\/uploads\/2026\/02\/WhatsApp-Image-2026-02-14-at-01.19.26-2-508x508.jpeg 508w, https:\/\/lalibrecomedie.fr\/wp-content\/uploads\/2026\/02\/WhatsApp-Image-2026-02-14-at-01.19.26-2.jpeg 2048w\" sizes=\"auto, (max-width: 1024px) 100vw, 1024px\" \/><\/figure><\/div>\n\n\n<p>Le jour, les LUNIMOON&rsquo;S viennent \u00e0 votre rencontre, mais peu d&rsquo;entre vous parlent leur langue, alors ils dansent et chantent pour s&rsquo;exprimer. La nuit, ils s&rsquo;illuminent gr\u00e2ce \u00e0 la poussi\u00e8re d&rsquo;\u00e9toile qui les recouvrent\u2026 alors, ils enchantent les yeux des terriens, petits et grands.<\/p>\n\n\n<div class=\"wp-block-image\">\n<figure class=\"aligncenter size-large is-resized\"><img loading=\"lazy\" decoding=\"async\" width=\"1024\" height=\"1024\" src=\"https:\/\/lalibrecomedie.fr\/wp-content\/uploads\/2026\/02\/WhatsApp-Image-2026-02-14-at-01.18.37-1024x1024.jpeg\" alt=\"\" class=\"wp-image-1784\" style=\"width:auto;height:500px\" srcset=\"https:\/\/lalibrecomedie.fr\/wp-content\/uploads\/2026\/02\/WhatsApp-Image-2026-02-14-at-01.18.37-1024x1024.jpeg 1024w, https:\/\/lalibrecomedie.fr\/wp-content\/uploads\/2026\/02\/WhatsApp-Image-2026-02-14-at-01.18.37-300x300.jpeg 300w, https:\/\/lalibrecomedie.fr\/wp-content\/uploads\/2026\/02\/WhatsApp-Image-2026-02-14-at-01.18.37-150x150.jpeg 150w, https:\/\/lalibrecomedie.fr\/wp-content\/uploads\/2026\/02\/WhatsApp-Image-2026-02-14-at-01.18.37-768x768.jpeg 768w, https:\/\/lalibrecomedie.fr\/wp-content\/uploads\/2026\/02\/WhatsApp-Image-2026-02-14-at-01.18.37-1536x1536.jpeg 1536w, https:\/\/lalibrecomedie.fr\/wp-content\/uploads\/2026\/02\/WhatsApp-Image-2026-02-14-at-01.18.37-1240x1240.jpeg 1240w, https:\/\/lalibrecomedie.fr\/wp-content\/uploads\/2026\/02\/WhatsApp-Image-2026-02-14-at-01.18.37-508x508.jpeg 508w, https:\/\/lalibrecomedie.fr\/wp-content\/uploads\/2026\/02\/WhatsApp-Image-2026-02-14-at-01.18.37.jpeg 2048w\" sizes=\"auto, (max-width: 1024px) 100vw, 1024px\" \/><\/figure><\/div>","protected":false},"excerpt":{"rendered":"<p>Voici venir les LUNIMOON&rsquo;S, ils d\u00e9barquent de la Lune dans leurs habits blancs et aur\u00e9ol\u00e9s de lumi\u00e8re. Et quand ils bougent, ils sont dans le ? moove ? ; en douceur, ils font tinter leurs costumes et leurs longs b\u00e2tons. Ce ne sont pas des armes mais des instruments de navigation dans l&rsquo;espace! Ils parlent [&hellip;]<\/p>\n","protected":false},"author":1,"featured_media":0,"parent":0,"menu_order":0,"comment_status":"closed","ping_status":"closed","template":"","meta":{"footnotes":""},"class_list":["post-1740","page","type-page","status-publish","hentry"],"jetpack_sharing_enabled":true,"_links":{"self":[{"href":"https:\/\/lalibrecomedie.fr\/index.php\/wp-json\/wp\/v2\/pages\/1740","targetHints":{"allow":["GET"]}}],"collection":[{"href":"https:\/\/lalibrecomedie.fr\/index.php\/wp-json\/wp\/v2\/pages"}],"about":[{"href":"https:\/\/lalibrecomedie.fr\/index.php\/wp-json\/wp\/v2\/types\/page"}],"author":[{"embeddable":true,"href":"https:\/\/lalibrecomedie.fr\/index.php\/wp-json\/wp\/v2\/users\/1"}],"replies":[{"embeddable":true,"href":"https:\/\/lalibrecomedie.fr\/index.php\/wp-json\/wp\/v2\/comments?post=1740"}],"version-history":[{"count":13,"href":"https:\/\/lalibrecomedie.fr\/index.php\/wp-json\/wp\/v2\/pages\/1740\/revisions"}],"predecessor-version":[{"id":1799,"href":"https:\/\/lalibrecomedie.fr\/index.php\/wp-json\/wp\/v2\/pages\/1740\/revisions\/1799"}],"wp:attachment":[{"href":"https:\/\/lalibrecomedie.fr\/index.php\/wp-json\/wp\/v2\/media?parent=1740"}],"curies":[{"name":"wp","href":"https:\/\/api.w.org\/{rel}","templated":true}]}}