{"id":172,"date":"2024-02-16T22:46:41","date_gmt":"2024-02-16T21:46:41","guid":{"rendered":"https:\/\/lalibrecomedie.fr\/?page_id=172"},"modified":"2026-02-14T00:59:00","modified_gmt":"2026-02-13T23:59:00","slug":"le-chapeau-bleu","status":"publish","type":"page","link":"https:\/\/lalibrecomedie.fr\/index.php\/le-chapeau-bleu\/","title":{"rendered":"Le Chapeau Bleu"},"content":{"rendered":"<div class=\"wp-block-image\">\n<figure class=\"aligncenter size-large is-resized\"><img loading=\"lazy\" decoding=\"async\" width=\"720\" height=\"1024\" src=\"http:\/\/lalibrecomedie.fr\/wp-content\/uploads\/2024\/02\/affiche-ete-2023-neutre-720x1024.jpg\" alt=\"Affiche Le Chapeau Bleu\" class=\"wp-image-100\" style=\"width:350px\" srcset=\"https:\/\/lalibrecomedie.fr\/wp-content\/uploads\/2024\/02\/affiche-ete-2023-neutre-720x1024.jpg 720w, https:\/\/lalibrecomedie.fr\/wp-content\/uploads\/2024\/02\/affiche-ete-2023-neutre-211x300.jpg 211w, https:\/\/lalibrecomedie.fr\/wp-content\/uploads\/2024\/02\/affiche-ete-2023-neutre-768x1092.jpg 768w, https:\/\/lalibrecomedie.fr\/wp-content\/uploads\/2024\/02\/affiche-ete-2023-neutre-1080x1536.jpg 1080w, https:\/\/lalibrecomedie.fr\/wp-content\/uploads\/2024\/02\/affiche-ete-2023-neutre-508x722.jpg 508w, https:\/\/lalibrecomedie.fr\/wp-content\/uploads\/2024\/02\/affiche-ete-2023-neutre.jpg 1140w\" sizes=\"auto, (max-width: 720px) 100vw, 720px\" \/><\/figure><\/div>\n\n\n<h2 class=\"wp-block-heading\">Pr\u00e9sentation<\/h2>\n\n\n\n<p>Divertissant et dr\u00f4le, \u00ab\u00a0Le chapeau bleu\u00a0\u00bb, ce sont des sketchs, des chansons et m\u00eame des num\u00e9ros de danse. Des personnages aux costumes hauts en couleur qui vous emm\u00e8neront dans leur univers divertissant, pour toute la famille, petits et grands.<\/p>\n\n\n<div class=\"wp-block-image is-style-default\">\n<figure class=\"aligncenter size-large is-resized\"><img loading=\"lazy\" decoding=\"async\" width=\"442\" height=\"1024\" src=\"http:\/\/lalibrecomedie.fr\/wp-content\/uploads\/2024\/02\/IMG-20230731-WA0155-e1707872175812-442x1024.jpg\" alt=\"Photo Le Chapeau Bleu - Chant\" class=\"wp-image-198\" style=\"width:350px\" srcset=\"https:\/\/lalibrecomedie.fr\/wp-content\/uploads\/2024\/02\/IMG-20230731-WA0155-e1707872175812-442x1024.jpg 442w, https:\/\/lalibrecomedie.fr\/wp-content\/uploads\/2024\/02\/IMG-20230731-WA0155-e1707872175812-129x300.jpg 129w, https:\/\/lalibrecomedie.fr\/wp-content\/uploads\/2024\/02\/IMG-20230731-WA0155-e1707872175812-663x1536.jpg 663w, https:\/\/lalibrecomedie.fr\/wp-content\/uploads\/2024\/02\/IMG-20230731-WA0155-e1707872175812-508x1177.jpg 508w, https:\/\/lalibrecomedie.fr\/wp-content\/uploads\/2024\/02\/IMG-20230731-WA0155-e1707872175812.jpg 680w\" sizes=\"auto, (max-width: 442px) 100vw, 442px\" \/><\/figure><\/div>\n\n\n<p>Sans machine \u00e0 remonter le temps, nous emmenons les spectateurs dans l&rsquo;esprit cabaret du XX\u00e8me si\u00e8cle, de Sinatra \u00e0 Michael Jackson, de Bjork \u00e0 Bobby Lapointe, des sketchs hilarants de Pierre Dac et Francis Blanche \u00e0 Jean Yanne\u2026<\/p>\n\n\n<div class=\"wp-block-image\">\n<figure class=\"aligncenter size-large is-resized\"><img loading=\"lazy\" decoding=\"async\" width=\"766\" height=\"1024\" src=\"http:\/\/lalibrecomedie.fr\/wp-content\/uploads\/2024\/02\/IMG-20230801-WA0029-766x1024.jpg\" alt=\"Image du Cabaret Bleu - Sketch Permis\" class=\"wp-image-193\" style=\"width:410px\" srcset=\"https:\/\/lalibrecomedie.fr\/wp-content\/uploads\/2024\/02\/IMG-20230801-WA0029-766x1024.jpg 766w, https:\/\/lalibrecomedie.fr\/wp-content\/uploads\/2024\/02\/IMG-20230801-WA0029-224x300.jpg 224w, https:\/\/lalibrecomedie.fr\/wp-content\/uploads\/2024\/02\/IMG-20230801-WA0029-768x1027.jpg 768w, https:\/\/lalibrecomedie.fr\/wp-content\/uploads\/2024\/02\/IMG-20230801-WA0029-1149x1536.jpg 1149w, https:\/\/lalibrecomedie.fr\/wp-content\/uploads\/2024\/02\/IMG-20230801-WA0029-1240x1658.jpg 1240w, https:\/\/lalibrecomedie.fr\/wp-content\/uploads\/2024\/02\/IMG-20230801-WA0029-508x679.jpg 508w, https:\/\/lalibrecomedie.fr\/wp-content\/uploads\/2024\/02\/IMG-20230801-WA0029.jpg 1496w\" sizes=\"auto, (max-width: 766px) 100vw, 766px\" \/><\/figure><\/div>\n\n\n<p class=\"has-text-align-center\">La Libre Com\u00e9die vous assure une r\u00e9elle soir\u00e9e de d\u00e9tente.<\/p>\n\n\n\n<div class=\"wp-block-group alignwide is-content-justification-center is-nowrap is-layout-flex wp-container-core-group-is-layout-1 wp-block-group-is-layout-flex\">\n<figure class=\"wp-block-image size-large is-resized\"><img loading=\"lazy\" decoding=\"async\" width=\"766\" height=\"1024\" src=\"http:\/\/lalibrecomedie.fr\/wp-content\/uploads\/2024\/02\/IMG-20230731-WA0122-766x1024.jpg\" alt=\"Photo Le Chapeau Bleu - Le Monstre\" class=\"wp-image-202\" style=\"width:282px;height:auto\" srcset=\"https:\/\/lalibrecomedie.fr\/wp-content\/uploads\/2024\/02\/IMG-20230731-WA0122-766x1024.jpg 766w, https:\/\/lalibrecomedie.fr\/wp-content\/uploads\/2024\/02\/IMG-20230731-WA0122-224x300.jpg 224w, https:\/\/lalibrecomedie.fr\/wp-content\/uploads\/2024\/02\/IMG-20230731-WA0122-768x1027.jpg 768w, https:\/\/lalibrecomedie.fr\/wp-content\/uploads\/2024\/02\/IMG-20230731-WA0122-1149x1536.jpg 1149w, https:\/\/lalibrecomedie.fr\/wp-content\/uploads\/2024\/02\/IMG-20230731-WA0122-1240x1658.jpg 1240w, https:\/\/lalibrecomedie.fr\/wp-content\/uploads\/2024\/02\/IMG-20230731-WA0122-508x679.jpg 508w, https:\/\/lalibrecomedie.fr\/wp-content\/uploads\/2024\/02\/IMG-20230731-WA0122.jpg 1496w\" sizes=\"auto, (max-width: 766px) 100vw, 766px\" \/><\/figure>\n\n\n\n<figure class=\"wp-block-image size-large is-resized\"><img loading=\"lazy\" decoding=\"async\" width=\"765\" height=\"1024\" src=\"http:\/\/lalibrecomedie.fr\/wp-content\/uploads\/2024\/02\/IMG-20230731-WA0142-765x1024.jpg\" alt=\"Photo Le Chapeau Bleu - La Voyante\" class=\"wp-image-201\" style=\"width:282px\" srcset=\"https:\/\/lalibrecomedie.fr\/wp-content\/uploads\/2024\/02\/IMG-20230731-WA0142-765x1024.jpg 765w, https:\/\/lalibrecomedie.fr\/wp-content\/uploads\/2024\/02\/IMG-20230731-WA0142-224x300.jpg 224w, https:\/\/lalibrecomedie.fr\/wp-content\/uploads\/2024\/02\/IMG-20230731-WA0142-768x1027.jpg 768w, https:\/\/lalibrecomedie.fr\/wp-content\/uploads\/2024\/02\/IMG-20230731-WA0142-1148x1536.jpg 1148w, https:\/\/lalibrecomedie.fr\/wp-content\/uploads\/2024\/02\/IMG-20230731-WA0142-508x680.jpg 508w, https:\/\/lalibrecomedie.fr\/wp-content\/uploads\/2024\/02\/IMG-20230731-WA0142.jpg 1196w\" sizes=\"auto, (max-width: 765px) 100vw, 765px\" \/><\/figure>\n\n\n\n<figure class=\"wp-block-image size-large is-resized\"><img loading=\"lazy\" decoding=\"async\" width=\"766\" height=\"1024\" src=\"http:\/\/lalibrecomedie.fr\/wp-content\/uploads\/2024\/02\/IMG-20230731-WA0006-766x1024.jpg\" alt=\"Photo Le Chapeau Bleu - La Diva\" class=\"wp-image-209\" style=\"width:282px;height:auto\" srcset=\"https:\/\/lalibrecomedie.fr\/wp-content\/uploads\/2024\/02\/IMG-20230731-WA0006-766x1024.jpg 766w, https:\/\/lalibrecomedie.fr\/wp-content\/uploads\/2024\/02\/IMG-20230731-WA0006-224x300.jpg 224w, https:\/\/lalibrecomedie.fr\/wp-content\/uploads\/2024\/02\/IMG-20230731-WA0006-768x1027.jpg 768w, https:\/\/lalibrecomedie.fr\/wp-content\/uploads\/2024\/02\/IMG-20230731-WA0006-1149x1536.jpg 1149w, https:\/\/lalibrecomedie.fr\/wp-content\/uploads\/2024\/02\/IMG-20230731-WA0006-1240x1658.jpg 1240w, https:\/\/lalibrecomedie.fr\/wp-content\/uploads\/2024\/02\/IMG-20230731-WA0006-508x679.jpg 508w, https:\/\/lalibrecomedie.fr\/wp-content\/uploads\/2024\/02\/IMG-20230731-WA0006.jpg 1496w\" sizes=\"auto, (max-width: 766px) 100vw, 766px\" \/><\/figure>\n<\/div>\n\n\n\n<div class=\"wp-block-group alignwide is-content-justification-center is-nowrap is-layout-flex wp-container-core-group-is-layout-2 wp-block-group-is-layout-flex\">\n<figure class=\"wp-block-image size-large is-resized\"><img loading=\"lazy\" decoding=\"async\" width=\"766\" height=\"1024\" src=\"http:\/\/lalibrecomedie.fr\/wp-content\/uploads\/2024\/02\/IMG-20230801-WA0019-766x1024.jpg\" alt=\"Photo Le Chapeau Bleu - L'H\u00e9licon\" class=\"wp-image-195\" style=\"width:282px\" srcset=\"https:\/\/lalibrecomedie.fr\/wp-content\/uploads\/2024\/02\/IMG-20230801-WA0019-766x1024.jpg 766w, https:\/\/lalibrecomedie.fr\/wp-content\/uploads\/2024\/02\/IMG-20230801-WA0019-224x300.jpg 224w, https:\/\/lalibrecomedie.fr\/wp-content\/uploads\/2024\/02\/IMG-20230801-WA0019-768x1027.jpg 768w, https:\/\/lalibrecomedie.fr\/wp-content\/uploads\/2024\/02\/IMG-20230801-WA0019-1149x1536.jpg 1149w, https:\/\/lalibrecomedie.fr\/wp-content\/uploads\/2024\/02\/IMG-20230801-WA0019-1240x1658.jpg 1240w, https:\/\/lalibrecomedie.fr\/wp-content\/uploads\/2024\/02\/IMG-20230801-WA0019-508x679.jpg 508w, https:\/\/lalibrecomedie.fr\/wp-content\/uploads\/2024\/02\/IMG-20230801-WA0019.jpg 1496w\" sizes=\"auto, (max-width: 766px) 100vw, 766px\" \/><\/figure>\n\n\n\n<figure class=\"wp-block-image size-large is-resized\"><img loading=\"lazy\" decoding=\"async\" width=\"766\" height=\"1024\" src=\"http:\/\/lalibrecomedie.fr\/wp-content\/uploads\/2024\/02\/IMG-20230801-WA0009-766x1024.jpg\" alt=\"Photo Le Chapeau Bleu - La Plage\" class=\"wp-image-196\" style=\"width:282px\" srcset=\"https:\/\/lalibrecomedie.fr\/wp-content\/uploads\/2024\/02\/IMG-20230801-WA0009-766x1024.jpg 766w, https:\/\/lalibrecomedie.fr\/wp-content\/uploads\/2024\/02\/IMG-20230801-WA0009-224x300.jpg 224w, https:\/\/lalibrecomedie.fr\/wp-content\/uploads\/2024\/02\/IMG-20230801-WA0009-768x1027.jpg 768w, https:\/\/lalibrecomedie.fr\/wp-content\/uploads\/2024\/02\/IMG-20230801-WA0009-1149x1536.jpg 1149w, https:\/\/lalibrecomedie.fr\/wp-content\/uploads\/2024\/02\/IMG-20230801-WA0009-1240x1658.jpg 1240w, https:\/\/lalibrecomedie.fr\/wp-content\/uploads\/2024\/02\/IMG-20230801-WA0009-508x679.jpg 508w, https:\/\/lalibrecomedie.fr\/wp-content\/uploads\/2024\/02\/IMG-20230801-WA0009.jpg 1496w\" sizes=\"auto, (max-width: 766px) 100vw, 766px\" \/><\/figure>\n\n\n\n<figure class=\"wp-block-image size-large is-resized\"><img loading=\"lazy\" decoding=\"async\" width=\"766\" height=\"1024\" src=\"http:\/\/lalibrecomedie.fr\/wp-content\/uploads\/2024\/02\/IMG-20230731-WA0054-766x1024.jpg\" alt=\"Photo Le Chapeau Bleu - La Plage\" class=\"wp-image-211\" style=\"width:282px\" srcset=\"https:\/\/lalibrecomedie.fr\/wp-content\/uploads\/2024\/02\/IMG-20230731-WA0054-766x1024.jpg 766w, https:\/\/lalibrecomedie.fr\/wp-content\/uploads\/2024\/02\/IMG-20230731-WA0054-224x300.jpg 224w, https:\/\/lalibrecomedie.fr\/wp-content\/uploads\/2024\/02\/IMG-20230731-WA0054-768x1027.jpg 768w, https:\/\/lalibrecomedie.fr\/wp-content\/uploads\/2024\/02\/IMG-20230731-WA0054-1149x1536.jpg 1149w, https:\/\/lalibrecomedie.fr\/wp-content\/uploads\/2024\/02\/IMG-20230731-WA0054-1240x1658.jpg 1240w, https:\/\/lalibrecomedie.fr\/wp-content\/uploads\/2024\/02\/IMG-20230731-WA0054-508x679.jpg 508w, https:\/\/lalibrecomedie.fr\/wp-content\/uploads\/2024\/02\/IMG-20230731-WA0054.jpg 1496w\" sizes=\"auto, (max-width: 766px) 100vw, 766px\" \/><\/figure>\n<\/div>\n\n\n\n<h2 class=\"wp-block-heading\">Best-Of <\/h2>\n\n\n\n<figure class=\"wp-block-embed alignwide is-type-video is-provider-youtube wp-block-embed-youtube wp-embed-aspect-16-9 wp-has-aspect-ratio\"><div class=\"wp-block-embed__wrapper\">\n<iframe loading=\"lazy\" title=\"Best-of : Le Chapeau Bleu\" width=\"600\" height=\"338\" src=\"https:\/\/www.youtube.com\/embed\/a1kha7TK6tI?feature=oembed\" frameborder=\"0\" allow=\"accelerometer; autoplay; clipboard-write; encrypted-media; gyroscope; picture-in-picture; web-share\" referrerpolicy=\"strict-origin-when-cross-origin\" allowfullscreen><\/iframe>\n<\/div><\/figure>\n\n\n\n<div class=\"wp-block-buttons is-content-justification-center is-layout-flex wp-container-core-buttons-is-layout-1 wp-block-buttons-is-layout-flex\">\n<div class=\"wp-block-button\"><a class=\"wp-block-button__link has-text-align-center wp-element-button\" href=\"https:\/\/lalibrecomedie.fr\/index.php\/anciens-spectacles\/\"><strong>Retour<\/strong><\/a><\/div>\n<\/div>\n\n\n\n<p><\/p>\n","protected":false},"excerpt":{"rendered":"<p>Pr\u00e9sentation Divertissant et dr\u00f4le, \u00ab\u00a0Le chapeau bleu\u00a0\u00bb, ce sont des sketchs, des chansons et m\u00eame des num\u00e9ros de danse. Des personnages aux costumes hauts en couleur qui vous emm\u00e8neront dans leur univers divertissant, pour toute la famille, petits et grands. Sans machine \u00e0 remonter le temps, nous emmenons les spectateurs dans l&rsquo;esprit cabaret du XX\u00e8me [&hellip;]<\/p>\n","protected":false},"author":2,"featured_media":0,"parent":0,"menu_order":0,"comment_status":"closed","ping_status":"closed","template":"","meta":{"footnotes":""},"class_list":["post-172","page","type-page","status-publish","hentry"],"jetpack_sharing_enabled":true,"_links":{"self":[{"href":"https:\/\/lalibrecomedie.fr\/index.php\/wp-json\/wp\/v2\/pages\/172","targetHints":{"allow":["GET"]}}],"collection":[{"href":"https:\/\/lalibrecomedie.fr\/index.php\/wp-json\/wp\/v2\/pages"}],"about":[{"href":"https:\/\/lalibrecomedie.fr\/index.php\/wp-json\/wp\/v2\/types\/page"}],"author":[{"embeddable":true,"href":"https:\/\/lalibrecomedie.fr\/index.php\/wp-json\/wp\/v2\/users\/2"}],"replies":[{"embeddable":true,"href":"https:\/\/lalibrecomedie.fr\/index.php\/wp-json\/wp\/v2\/comments?post=172"}],"version-history":[{"count":35,"href":"https:\/\/lalibrecomedie.fr\/index.php\/wp-json\/wp\/v2\/pages\/172\/revisions"}],"predecessor-version":[{"id":1756,"href":"https:\/\/lalibrecomedie.fr\/index.php\/wp-json\/wp\/v2\/pages\/172\/revisions\/1756"}],"wp:attachment":[{"href":"https:\/\/lalibrecomedie.fr\/index.php\/wp-json\/wp\/v2\/media?parent=172"}],"curies":[{"name":"wp","href":"https:\/\/api.w.org\/{rel}","templated":true}]}}