{"id":1649,"date":"2025-01-29T22:48:33","date_gmt":"2025-01-29T21:48:33","guid":{"rendered":"https:\/\/lalibrecomedie.fr\/?page_id=1649"},"modified":"2026-02-14T01:07:45","modified_gmt":"2026-02-14T00:07:45","slug":"attention-vieux-dangereux","status":"publish","type":"page","link":"https:\/\/lalibrecomedie.fr\/index.php\/attention-vieux-dangereux\/","title":{"rendered":"Attention, Vieux Dangereux !"},"content":{"rendered":"\n<p class=\"has-text-align-center\">Une com\u00e9die m\u00e9chamment dr\u00f4le : Madame Muchon et son ami monsieur Mollande, retrait\u00e9s tous les 2, sont enferm\u00e9s dans le cabanon du potager partag\u00e9. Que s&rsquo;est-il pass\u00e9 pour qu&rsquo;ils en arrivent \u00e0 cette situation? Mimi la malice va t&rsquo;elle venir les d\u00e9livrer?<\/p>\n\n\n<div class=\"wp-block-image\">\n<figure class=\"aligncenter size-large is-resized\"><img loading=\"lazy\" decoding=\"async\" width=\"686\" height=\"969\" src=\"https:\/\/lalibrecomedie.fr\/wp-content\/uploads\/2025\/06\/Screenshot_2025-05-27-01-12-38-801.jpg\" alt=\"\" class=\"wp-image-1694\" style=\"width:527px;height:auto\" srcset=\"https:\/\/lalibrecomedie.fr\/wp-content\/uploads\/2025\/06\/Screenshot_2025-05-27-01-12-38-801.jpg 686w, https:\/\/lalibrecomedie.fr\/wp-content\/uploads\/2025\/06\/Screenshot_2025-05-27-01-12-38-801-212x300.jpg 212w, https:\/\/lalibrecomedie.fr\/wp-content\/uploads\/2025\/06\/Screenshot_2025-05-27-01-12-38-801-508x718.jpg 508w\" sizes=\"auto, (max-width: 686px) 100vw, 686px\" \/><\/figure><\/div>\n\n\n<p><\/p>\n\n\n\n<figure class=\"wp-block-gallery has-nested-images columns-default is-cropped wp-block-gallery-1 is-layout-flex wp-block-gallery-is-layout-flex\">\n<figure class=\"wp-block-image size-large\"><img loading=\"lazy\" decoding=\"async\" width=\"1024\" height=\"471\" data-id=\"1700\" src=\"https:\/\/lalibrecomedie.fr\/wp-content\/uploads\/2025\/06\/IMG-20250525-WA0046-1024x471.jpg\" alt=\"\" class=\"wp-image-1700\" srcset=\"https:\/\/lalibrecomedie.fr\/wp-content\/uploads\/2025\/06\/IMG-20250525-WA0046-1024x471.jpg 1024w, https:\/\/lalibrecomedie.fr\/wp-content\/uploads\/2025\/06\/IMG-20250525-WA0046-300x138.jpg 300w, https:\/\/lalibrecomedie.fr\/wp-content\/uploads\/2025\/06\/IMG-20250525-WA0046-768x353.jpg 768w, https:\/\/lalibrecomedie.fr\/wp-content\/uploads\/2025\/06\/IMG-20250525-WA0046-1536x707.jpg 1536w, https:\/\/lalibrecomedie.fr\/wp-content\/uploads\/2025\/06\/IMG-20250525-WA0046-1240x570.jpg 1240w, https:\/\/lalibrecomedie.fr\/wp-content\/uploads\/2025\/06\/IMG-20250525-WA0046-508x234.jpg 508w, https:\/\/lalibrecomedie.fr\/wp-content\/uploads\/2025\/06\/IMG-20250525-WA0046.jpg 2000w\" sizes=\"auto, (max-width: 1024px) 100vw, 1024px\" \/><\/figure>\n\n\n\n<figure class=\"wp-block-image size-large\"><img loading=\"lazy\" decoding=\"async\" width=\"699\" height=\"1024\" data-id=\"1701\" src=\"https:\/\/lalibrecomedie.fr\/wp-content\/uploads\/2025\/06\/IMG-20250525-WA0026-1-699x1024.jpg\" alt=\"\" class=\"wp-image-1701\" srcset=\"https:\/\/lalibrecomedie.fr\/wp-content\/uploads\/2025\/06\/IMG-20250525-WA0026-1-699x1024.jpg 699w, https:\/\/lalibrecomedie.fr\/wp-content\/uploads\/2025\/06\/IMG-20250525-WA0026-1-205x300.jpg 205w, https:\/\/lalibrecomedie.fr\/wp-content\/uploads\/2025\/06\/IMG-20250525-WA0026-1-768x1126.jpg 768w, https:\/\/lalibrecomedie.fr\/wp-content\/uploads\/2025\/06\/IMG-20250525-WA0026-1-1048x1536.jpg 1048w, https:\/\/lalibrecomedie.fr\/wp-content\/uploads\/2025\/06\/IMG-20250525-WA0026-1-508x745.jpg 508w, https:\/\/lalibrecomedie.fr\/wp-content\/uploads\/2025\/06\/IMG-20250525-WA0026-1.jpg 1086w\" sizes=\"auto, (max-width: 699px) 100vw, 699px\" \/><\/figure>\n\n\n\n<figure class=\"wp-block-image size-large\"><img loading=\"lazy\" decoding=\"async\" width=\"577\" height=\"1024\" data-id=\"1702\" src=\"https:\/\/lalibrecomedie.fr\/wp-content\/uploads\/2025\/06\/IMG-20250525-WA0018-1-577x1024.jpg\" alt=\"\" class=\"wp-image-1702\" srcset=\"https:\/\/lalibrecomedie.fr\/wp-content\/uploads\/2025\/06\/IMG-20250525-WA0018-1-577x1024.jpg 577w, https:\/\/lalibrecomedie.fr\/wp-content\/uploads\/2025\/06\/IMG-20250525-WA0018-1-169x300.jpg 169w, https:\/\/lalibrecomedie.fr\/wp-content\/uploads\/2025\/06\/IMG-20250525-WA0018-1-768x1364.jpg 768w, https:\/\/lalibrecomedie.fr\/wp-content\/uploads\/2025\/06\/IMG-20250525-WA0018-1-865x1536.jpg 865w, https:\/\/lalibrecomedie.fr\/wp-content\/uploads\/2025\/06\/IMG-20250525-WA0018-1-508x902.jpg 508w, https:\/\/lalibrecomedie.fr\/wp-content\/uploads\/2025\/06\/IMG-20250525-WA0018-1.jpg 1126w\" sizes=\"auto, (max-width: 577px) 100vw, 577px\" \/><\/figure>\n\n\n\n<figure class=\"wp-block-image size-large\"><img loading=\"lazy\" decoding=\"async\" width=\"1024\" height=\"471\" data-id=\"1704\" src=\"https:\/\/lalibrecomedie.fr\/wp-content\/uploads\/2025\/06\/IMG-20250525-WA0046-1-1024x471.jpg\" alt=\"\" class=\"wp-image-1704\" srcset=\"https:\/\/lalibrecomedie.fr\/wp-content\/uploads\/2025\/06\/IMG-20250525-WA0046-1-1024x471.jpg 1024w, https:\/\/lalibrecomedie.fr\/wp-content\/uploads\/2025\/06\/IMG-20250525-WA0046-1-300x138.jpg 300w, https:\/\/lalibrecomedie.fr\/wp-content\/uploads\/2025\/06\/IMG-20250525-WA0046-1-768x353.jpg 768w, https:\/\/lalibrecomedie.fr\/wp-content\/uploads\/2025\/06\/IMG-20250525-WA0046-1-1536x707.jpg 1536w, https:\/\/lalibrecomedie.fr\/wp-content\/uploads\/2025\/06\/IMG-20250525-WA0046-1-1240x570.jpg 1240w, https:\/\/lalibrecomedie.fr\/wp-content\/uploads\/2025\/06\/IMG-20250525-WA0046-1-508x234.jpg 508w, https:\/\/lalibrecomedie.fr\/wp-content\/uploads\/2025\/06\/IMG-20250525-WA0046-1.jpg 2000w\" sizes=\"auto, (max-width: 1024px) 100vw, 1024px\" \/><\/figure>\n<\/figure>\n\n\n\n<p><\/p>\n\n\n<div class=\"wp-block-image\">\n<figure class=\"aligncenter is-resized\"><img decoding=\"async\" src=\"https:\/\/lalibrecomedie.fr\/wp-content\/uploads\/2025\/06\/Copie-de-Copie-de-Copie-de-Attention-vieux-dangereux-_20250527_011730_000_20250527_204617_0000-724x1024.png\" alt=\"L\u2019attribut alt de cette image est vide, son nom de fichier est Copie-de-Copie-de-Copie-de-Attention-vieux-dangereux-_20250527_011730_000_20250527_204617_0000-724x1024.png.\" style=\"width:416px;height:auto\"\/><\/figure><\/div>\n\n\n<p><\/p>\n\n\n\n<figure class=\"wp-block-gallery has-nested-images columns-default is-cropped wp-block-gallery-2 is-layout-flex wp-block-gallery-is-layout-flex\">\n<figure class=\"wp-block-image size-large\"><img loading=\"lazy\" decoding=\"async\" width=\"1295\" height=\"1728\" data-id=\"1720\" src=\"https:\/\/lalibrecomedie.fr\/wp-content\/uploads\/2025\/06\/499798519_10162510302309600_3916417862070171494_n-edited.jpg\" alt=\"\" class=\"wp-image-1720\" srcset=\"https:\/\/lalibrecomedie.fr\/wp-content\/uploads\/2025\/06\/499798519_10162510302309600_3916417862070171494_n-edited.jpg 1295w, https:\/\/lalibrecomedie.fr\/wp-content\/uploads\/2025\/06\/499798519_10162510302309600_3916417862070171494_n-edited-225x300.jpg 225w, https:\/\/lalibrecomedie.fr\/wp-content\/uploads\/2025\/06\/499798519_10162510302309600_3916417862070171494_n-edited-767x1024.jpg 767w, https:\/\/lalibrecomedie.fr\/wp-content\/uploads\/2025\/06\/499798519_10162510302309600_3916417862070171494_n-edited-768x1025.jpg 768w, https:\/\/lalibrecomedie.fr\/wp-content\/uploads\/2025\/06\/499798519_10162510302309600_3916417862070171494_n-edited-1151x1536.jpg 1151w, https:\/\/lalibrecomedie.fr\/wp-content\/uploads\/2025\/06\/499798519_10162510302309600_3916417862070171494_n-edited-1240x1655.jpg 1240w, https:\/\/lalibrecomedie.fr\/wp-content\/uploads\/2025\/06\/499798519_10162510302309600_3916417862070171494_n-edited-508x678.jpg 508w\" sizes=\"auto, (max-width: 1295px) 100vw, 1295px\" \/><\/figure>\n\n\n\n<figure data-wp-context=\"{&quot;imageId&quot;:&quot;69f2e4fd33d99&quot;}\" data-wp-interactive=\"core\/image\" class=\"wp-block-image size-large wp-lightbox-container\"><img loading=\"lazy\" decoding=\"async\" width=\"594\" height=\"792\" data-wp-class--hide=\"state.isContentHidden\" data-wp-class--show=\"state.isContentVisible\" data-wp-init=\"callbacks.setButtonStyles\" data-wp-on-async--click=\"actions.showLightbox\" data-wp-on-async--load=\"callbacks.setButtonStyles\" data-wp-on-async-window--resize=\"callbacks.setButtonStyles\" data-id=\"1716\" src=\"https:\/\/lalibrecomedie.fr\/wp-content\/uploads\/2025\/06\/IMG-20250525-WA0083-edited.jpg\" alt=\"\" class=\"wp-image-1716\" srcset=\"https:\/\/lalibrecomedie.fr\/wp-content\/uploads\/2025\/06\/IMG-20250525-WA0083-edited.jpg 594w, https:\/\/lalibrecomedie.fr\/wp-content\/uploads\/2025\/06\/IMG-20250525-WA0083-edited-225x300.jpg 225w, https:\/\/lalibrecomedie.fr\/wp-content\/uploads\/2025\/06\/IMG-20250525-WA0083-edited-508x677.jpg 508w\" sizes=\"auto, (max-width: 594px) 100vw, 594px\" \/><button\n\t\t\tclass=\"lightbox-trigger\"\n\t\t\ttype=\"button\"\n\t\t\taria-haspopup=\"dialog\"\n\t\t\taria-label=\"Agrandir l\u2018image\"\n\t\t\tdata-wp-init=\"callbacks.initTriggerButton\"\n\t\t\tdata-wp-on-async--click=\"actions.showLightbox\"\n\t\t\tdata-wp-style--right=\"state.imageButtonRight\"\n\t\t\tdata-wp-style--top=\"state.imageButtonTop\"\n\t\t>\n\t\t\t<svg xmlns=\"http:\/\/www.w3.org\/2000\/svg\" width=\"12\" height=\"12\" fill=\"none\" viewBox=\"0 0 12 12\">\n\t\t\t\t<path fill=\"#fff\" d=\"M2 0a2 2 0 0 0-2 2v2h1.5V2a.5.5 0 0 1 .5-.5h2V0H2Zm2 10.5H2a.5.5 0 0 1-.5-.5V8H0v2a2 2 0 0 0 2 2h2v-1.5ZM8 12v-1.5h2a.5.5 0 0 0 .5-.5V8H12v2a2 2 0 0 1-2 2H8Zm2-12a2 2 0 0 1 2 2v2h-1.5V2a.5.5 0 0 0-.5-.5H8V0h2Z\" \/>\n\t\t\t<\/svg>\n\t\t<\/button><\/figure>\n<\/figure>\n\n\n\n<div class=\"wp-block-buttons is-content-justification-center is-layout-flex wp-container-core-buttons-is-layout-1 wp-block-buttons-is-layout-flex\">\n<div class=\"wp-block-button\"><a class=\"wp-block-button__link has-text-align-center wp-element-button\" href=\"https:\/\/lalibrecomedie.fr\/index.php\/anciens-spectacles\/\"><strong>Retour<\/strong><\/a><\/div>\n<\/div>\n\n\n\n<p><\/p>\n","protected":false},"excerpt":{"rendered":"<p>Une com\u00e9die m\u00e9chamment dr\u00f4le : Madame Muchon et son ami monsieur Mollande, retrait\u00e9s tous les 2, sont enferm\u00e9s dans le cabanon du potager partag\u00e9. Que s&rsquo;est-il pass\u00e9 pour qu&rsquo;ils en arrivent \u00e0 cette situation? Mimi la malice va t&rsquo;elle venir les d\u00e9livrer?<\/p>\n","protected":false},"author":2,"featured_media":0,"parent":0,"menu_order":0,"comment_status":"closed","ping_status":"closed","template":"","meta":{"footnotes":""},"class_list":["post-1649","page","type-page","status-publish","hentry"],"jetpack_sharing_enabled":true,"_links":{"self":[{"href":"https:\/\/lalibrecomedie.fr\/index.php\/wp-json\/wp\/v2\/pages\/1649","targetHints":{"allow":["GET"]}}],"collection":[{"href":"https:\/\/lalibrecomedie.fr\/index.php\/wp-json\/wp\/v2\/pages"}],"about":[{"href":"https:\/\/lalibrecomedie.fr\/index.php\/wp-json\/wp\/v2\/types\/page"}],"author":[{"embeddable":true,"href":"https:\/\/lalibrecomedie.fr\/index.php\/wp-json\/wp\/v2\/users\/2"}],"replies":[{"embeddable":true,"href":"https:\/\/lalibrecomedie.fr\/index.php\/wp-json\/wp\/v2\/comments?post=1649"}],"version-history":[{"count":18,"href":"https:\/\/lalibrecomedie.fr\/index.php\/wp-json\/wp\/v2\/pages\/1649\/revisions"}],"predecessor-version":[{"id":1769,"href":"https:\/\/lalibrecomedie.fr\/index.php\/wp-json\/wp\/v2\/pages\/1649\/revisions\/1769"}],"wp:attachment":[{"href":"https:\/\/lalibrecomedie.fr\/index.php\/wp-json\/wp\/v2\/media?parent=1649"}],"curies":[{"name":"wp","href":"https:\/\/api.w.org\/{rel}","templated":true}]}}