{"id":142,"date":"2024-02-16T22:46:26","date_gmt":"2024-02-16T21:46:26","guid":{"rendered":"https:\/\/lalibrecomedie.fr\/?page_id=142"},"modified":"2026-02-14T01:06:51","modified_gmt":"2026-02-14T00:06:51","slug":"vin-saucisson-et-mobylette","status":"publish","type":"page","link":"https:\/\/lalibrecomedie.fr\/index.php\/vin-saucisson-et-mobylette\/","title":{"rendered":"Vin, Saucisson et Mobylette"},"content":{"rendered":"<div class=\"wp-block-image\">\n<figure class=\"aligncenter size-large is-resized\"><img loading=\"lazy\" decoding=\"async\" width=\"1024\" height=\"724\" src=\"http:\/\/lalibrecomedie.fr\/wp-content\/uploads\/2024\/02\/affiche-neutre-VSM-2-1024x724.jpg\" alt=\"Affiche de Vin, saucisson et mobylette\" class=\"wp-image-99\" style=\"width:619px;height:auto\" srcset=\"https:\/\/lalibrecomedie.fr\/wp-content\/uploads\/2024\/02\/affiche-neutre-VSM-2-1024x724.jpg 1024w, https:\/\/lalibrecomedie.fr\/wp-content\/uploads\/2024\/02\/affiche-neutre-VSM-2-300x212.jpg 300w, https:\/\/lalibrecomedie.fr\/wp-content\/uploads\/2024\/02\/affiche-neutre-VSM-2-768x543.jpg 768w, https:\/\/lalibrecomedie.fr\/wp-content\/uploads\/2024\/02\/affiche-neutre-VSM-2-1536x1086.jpg 1536w, https:\/\/lalibrecomedie.fr\/wp-content\/uploads\/2024\/02\/affiche-neutre-VSM-2-2048x1448.jpg 2048w, https:\/\/lalibrecomedie.fr\/wp-content\/uploads\/2024\/02\/affiche-neutre-VSM-2-1240x877.jpg 1240w, https:\/\/lalibrecomedie.fr\/wp-content\/uploads\/2024\/02\/affiche-neutre-VSM-2-508x359.jpg 508w\" sizes=\"auto, (max-width: 1024px) 100vw, 1024px\" \/><\/figure><\/div>\n\n\n<h2 class=\"wp-block-heading\">Pr\u00e9sentations<\/h2>\n\n\n\n<p>C&rsquo;est le 24 d\u00e9cembre. Dehors, un temps \u00e0 ne pas sortir un p\u00e8re no\u00ebl. Marie se perd dans les pr\u00e9paratifs de la f\u00eate&#8230; Son fils Gaston ne pense qu&rsquo;\u00e0 rejoindre sa Cindy&#8230; Ou manger du saucisson&#8230; <\/p>\n\n\n<div class=\"wp-block-image\">\n<figure class=\"aligncenter size-large is-resized\"><img loading=\"lazy\" decoding=\"async\" width=\"1024\" height=\"726\" src=\"http:\/\/lalibrecomedie.fr\/wp-content\/uploads\/2024\/02\/DSC_7450-1024x726.jpg\" alt=\"Image de famille de Vin Saucisson et Mobylette\" class=\"wp-image-163\" style=\"width:680px\" srcset=\"https:\/\/lalibrecomedie.fr\/wp-content\/uploads\/2024\/02\/DSC_7450-1024x726.jpg 1024w, https:\/\/lalibrecomedie.fr\/wp-content\/uploads\/2024\/02\/DSC_7450-300x213.jpg 300w, https:\/\/lalibrecomedie.fr\/wp-content\/uploads\/2024\/02\/DSC_7450-768x545.jpg 768w, https:\/\/lalibrecomedie.fr\/wp-content\/uploads\/2024\/02\/DSC_7450-1536x1089.jpg 1536w, https:\/\/lalibrecomedie.fr\/wp-content\/uploads\/2024\/02\/DSC_7450-2048x1452.jpg 2048w, https:\/\/lalibrecomedie.fr\/wp-content\/uploads\/2024\/02\/DSC_7450-1240x879.jpg 1240w, https:\/\/lalibrecomedie.fr\/wp-content\/uploads\/2024\/02\/DSC_7450-508x360.jpg 508w\" sizes=\"auto, (max-width: 1024px) 100vw, 1024px\" \/><\/figure><\/div>\n\n\n<p>La belle-m\u00e8re ne pense qu&rsquo;\u00e0 se d\u00e9filer pour emb\u00eater Marie&#8230; Et Roger n&rsquo;est pas rentr\u00e9&#8230; Il faut sauver No\u00ebl ! <\/p>\n\n\n<div class=\"wp-block-image\">\n<figure class=\"aligncenter size-large is-resized\"><img loading=\"lazy\" decoding=\"async\" width=\"1024\" height=\"723\" src=\"http:\/\/lalibrecomedie.fr\/wp-content\/uploads\/2024\/02\/DSC_7420-1024x723.jpg\" alt=\"Photo de la Grande Cuisine Bouffonne\" class=\"wp-image-158\" style=\"width:680px\" srcset=\"https:\/\/lalibrecomedie.fr\/wp-content\/uploads\/2024\/02\/DSC_7420-1024x723.jpg 1024w, https:\/\/lalibrecomedie.fr\/wp-content\/uploads\/2024\/02\/DSC_7420-300x212.jpg 300w, https:\/\/lalibrecomedie.fr\/wp-content\/uploads\/2024\/02\/DSC_7420-768x542.jpg 768w, https:\/\/lalibrecomedie.fr\/wp-content\/uploads\/2024\/02\/DSC_7420-1536x1084.jpg 1536w, https:\/\/lalibrecomedie.fr\/wp-content\/uploads\/2024\/02\/DSC_7420-2048x1446.jpg 2048w, https:\/\/lalibrecomedie.fr\/wp-content\/uploads\/2024\/02\/DSC_7420-1240x875.jpg 1240w, https:\/\/lalibrecomedie.fr\/wp-content\/uploads\/2024\/02\/DSC_7420-508x359.jpg 508w\" sizes=\"auto, (max-width: 1024px) 100vw, 1024px\" \/><\/figure><\/div>\n\n\n<p>Une com\u00e9die burlesque pour toute la famille. Cette pi\u00e8ce jou\u00e9e par La Libre Com\u00e9die est \u00e9crite par Sylvio Pirrera avec tout son humour belge d\u00e9cal\u00e9. Faire rire est son moteur et celui des com\u00e9diens de la compagnie.<\/p>\n\n\n<div class=\"wp-block-image\">\n<figure class=\"aligncenter size-large is-resized\"><img loading=\"lazy\" decoding=\"async\" width=\"1024\" height=\"683\" src=\"http:\/\/lalibrecomedie.fr\/wp-content\/uploads\/2024\/05\/A-ajouter-sur-VSM-1024x683.jpg\" alt=\"Photo de Vin, Saucisson et Mobylette\" class=\"wp-image-1540\" style=\"width:680px\" srcset=\"https:\/\/lalibrecomedie.fr\/wp-content\/uploads\/2024\/05\/A-ajouter-sur-VSM-1024x683.jpg 1024w, https:\/\/lalibrecomedie.fr\/wp-content\/uploads\/2024\/05\/A-ajouter-sur-VSM-300x200.jpg 300w, https:\/\/lalibrecomedie.fr\/wp-content\/uploads\/2024\/05\/A-ajouter-sur-VSM-768x512.jpg 768w, https:\/\/lalibrecomedie.fr\/wp-content\/uploads\/2024\/05\/A-ajouter-sur-VSM-1536x1024.jpg 1536w, https:\/\/lalibrecomedie.fr\/wp-content\/uploads\/2024\/05\/A-ajouter-sur-VSM-2048x1365.jpg 2048w, https:\/\/lalibrecomedie.fr\/wp-content\/uploads\/2024\/05\/A-ajouter-sur-VSM-1240x827.jpg 1240w, https:\/\/lalibrecomedie.fr\/wp-content\/uploads\/2024\/05\/A-ajouter-sur-VSM-508x339.jpg 508w\" sizes=\"auto, (max-width: 1024px) 100vw, 1024px\" \/><\/figure><\/div>\n\n\n<div class=\"wp-block-group alignwide is-content-justification-center is-nowrap is-layout-flex wp-container-core-group-is-layout-1 wp-block-group-is-layout-flex\">\n<figure class=\"wp-block-image size-large is-resized\"><img loading=\"lazy\" decoding=\"async\" width=\"723\" height=\"1024\" src=\"http:\/\/lalibrecomedie.fr\/wp-content\/uploads\/2024\/02\/DSC_7456-723x1024.jpg\" alt=\"Photo de La Grande Cuisine Bouffonne\" class=\"wp-image-165\" style=\"width:282px\" srcset=\"https:\/\/lalibrecomedie.fr\/wp-content\/uploads\/2024\/02\/DSC_7456-723x1024.jpg 723w, https:\/\/lalibrecomedie.fr\/wp-content\/uploads\/2024\/02\/DSC_7456-212x300.jpg 212w, https:\/\/lalibrecomedie.fr\/wp-content\/uploads\/2024\/02\/DSC_7456-768x1087.jpg 768w, https:\/\/lalibrecomedie.fr\/wp-content\/uploads\/2024\/02\/DSC_7456-1085x1536.jpg 1085w, https:\/\/lalibrecomedie.fr\/wp-content\/uploads\/2024\/02\/DSC_7456-1447x2048.jpg 1447w, https:\/\/lalibrecomedie.fr\/wp-content\/uploads\/2024\/02\/DSC_7456-1240x1755.jpg 1240w, https:\/\/lalibrecomedie.fr\/wp-content\/uploads\/2024\/02\/DSC_7456-508x719.jpg 508w, https:\/\/lalibrecomedie.fr\/wp-content\/uploads\/2024\/02\/DSC_7456-scaled.jpg 1808w\" sizes=\"auto, (max-width: 723px) 100vw, 723px\" \/><\/figure>\n\n\n\n<figure class=\"wp-block-image size-large is-resized\"><img loading=\"lazy\" decoding=\"async\" width=\"723\" height=\"1024\" src=\"http:\/\/lalibrecomedie.fr\/wp-content\/uploads\/2024\/02\/DSC_7442-723x1024.jpg\" alt=\"Photo de La Grande Cuisine Bouffonne\" class=\"wp-image-161\" style=\"width:282px\" srcset=\"https:\/\/lalibrecomedie.fr\/wp-content\/uploads\/2024\/02\/DSC_7442-723x1024.jpg 723w, https:\/\/lalibrecomedie.fr\/wp-content\/uploads\/2024\/02\/DSC_7442-212x300.jpg 212w, https:\/\/lalibrecomedie.fr\/wp-content\/uploads\/2024\/02\/DSC_7442-768x1087.jpg 768w, https:\/\/lalibrecomedie.fr\/wp-content\/uploads\/2024\/02\/DSC_7442-1085x1536.jpg 1085w, https:\/\/lalibrecomedie.fr\/wp-content\/uploads\/2024\/02\/DSC_7442-1447x2048.jpg 1447w, https:\/\/lalibrecomedie.fr\/wp-content\/uploads\/2024\/02\/DSC_7442-1240x1755.jpg 1240w, https:\/\/lalibrecomedie.fr\/wp-content\/uploads\/2024\/02\/DSC_7442-508x719.jpg 508w, https:\/\/lalibrecomedie.fr\/wp-content\/uploads\/2024\/02\/DSC_7442-scaled.jpg 1808w\" sizes=\"auto, (max-width: 723px) 100vw, 723px\" \/><\/figure>\n\n\n\n<figure class=\"wp-block-image size-large is-resized\"><img loading=\"lazy\" decoding=\"async\" width=\"723\" height=\"1024\" src=\"http:\/\/lalibrecomedie.fr\/wp-content\/uploads\/2024\/02\/DSC_7434-723x1024.jpg\" alt=\"Photo de La Grande Cuisine Bouffonne\" class=\"wp-image-160\" style=\"width:282px\" srcset=\"https:\/\/lalibrecomedie.fr\/wp-content\/uploads\/2024\/02\/DSC_7434-723x1024.jpg 723w, https:\/\/lalibrecomedie.fr\/wp-content\/uploads\/2024\/02\/DSC_7434-212x300.jpg 212w, https:\/\/lalibrecomedie.fr\/wp-content\/uploads\/2024\/02\/DSC_7434-768x1087.jpg 768w, https:\/\/lalibrecomedie.fr\/wp-content\/uploads\/2024\/02\/DSC_7434-1085x1536.jpg 1085w, https:\/\/lalibrecomedie.fr\/wp-content\/uploads\/2024\/02\/DSC_7434-1447x2048.jpg 1447w, https:\/\/lalibrecomedie.fr\/wp-content\/uploads\/2024\/02\/DSC_7434-1240x1755.jpg 1240w, https:\/\/lalibrecomedie.fr\/wp-content\/uploads\/2024\/02\/DSC_7434-508x719.jpg 508w, https:\/\/lalibrecomedie.fr\/wp-content\/uploads\/2024\/02\/DSC_7434-scaled.jpg 1808w\" sizes=\"auto, (max-width: 723px) 100vw, 723px\" \/><\/figure>\n<\/div>\n\n\n\n<div class=\"wp-block-group alignwide is-content-justification-center is-nowrap is-layout-flex wp-container-core-group-is-layout-2 wp-block-group-is-layout-flex\">\n<figure class=\"wp-block-image size-large is-resized\"><img loading=\"lazy\" decoding=\"async\" width=\"724\" height=\"1024\" src=\"http:\/\/lalibrecomedie.fr\/wp-content\/uploads\/2024\/02\/DSC_7516-724x1024.jpg\" alt=\"Photo de Vin, Saucisson et Mobylette\" class=\"wp-image-166\" style=\"width:262px\" srcset=\"https:\/\/lalibrecomedie.fr\/wp-content\/uploads\/2024\/02\/DSC_7516-724x1024.jpg 724w, https:\/\/lalibrecomedie.fr\/wp-content\/uploads\/2024\/02\/DSC_7516-212x300.jpg 212w, https:\/\/lalibrecomedie.fr\/wp-content\/uploads\/2024\/02\/DSC_7516-768x1087.jpg 768w, https:\/\/lalibrecomedie.fr\/wp-content\/uploads\/2024\/02\/DSC_7516-1086x1536.jpg 1086w, https:\/\/lalibrecomedie.fr\/wp-content\/uploads\/2024\/02\/DSC_7516-1447x2048.jpg 1447w, https:\/\/lalibrecomedie.fr\/wp-content\/uploads\/2024\/02\/DSC_7516-1240x1755.jpg 1240w, https:\/\/lalibrecomedie.fr\/wp-content\/uploads\/2024\/02\/DSC_7516-508x719.jpg 508w, https:\/\/lalibrecomedie.fr\/wp-content\/uploads\/2024\/02\/DSC_7516-scaled.jpg 1809w\" sizes=\"auto, (max-width: 724px) 100vw, 724px\" \/><\/figure>\n\n\n\n<figure class=\"wp-block-image size-large is-resized\"><img loading=\"lazy\" decoding=\"async\" width=\"815\" height=\"1024\" src=\"http:\/\/lalibrecomedie.fr\/wp-content\/uploads\/2024\/02\/DSC_7449-scaled-e1708090205608-815x1024.jpg\" alt=\"Photo de Vin, saucisson et mobylette\" class=\"wp-image-162\" style=\"width:295px\" srcset=\"https:\/\/lalibrecomedie.fr\/wp-content\/uploads\/2024\/02\/DSC_7449-scaled-e1708090205608-815x1024.jpg 815w, https:\/\/lalibrecomedie.fr\/wp-content\/uploads\/2024\/02\/DSC_7449-scaled-e1708090205608-239x300.jpg 239w, https:\/\/lalibrecomedie.fr\/wp-content\/uploads\/2024\/02\/DSC_7449-scaled-e1708090205608-768x965.jpg 768w, https:\/\/lalibrecomedie.fr\/wp-content\/uploads\/2024\/02\/DSC_7449-scaled-e1708090205608-1223x1536.jpg 1223w, https:\/\/lalibrecomedie.fr\/wp-content\/uploads\/2024\/02\/DSC_7449-scaled-e1708090205608-1240x1557.jpg 1240w, https:\/\/lalibrecomedie.fr\/wp-content\/uploads\/2024\/02\/DSC_7449-scaled-e1708090205608-508x638.jpg 508w, https:\/\/lalibrecomedie.fr\/wp-content\/uploads\/2024\/02\/DSC_7449-scaled-e1708090205608.jpg 1446w\" sizes=\"auto, (max-width: 815px) 100vw, 815px\" \/><\/figure>\n\n\n\n<figure class=\"wp-block-image size-large is-resized\"><img loading=\"lazy\" decoding=\"async\" width=\"779\" height=\"1024\" src=\"http:\/\/lalibrecomedie.fr\/wp-content\/uploads\/2024\/02\/DSC_7539-scaled-e1708118112842-779x1024.jpg\" alt=\"Photo de Vin, Saucisson et Mobylette\" class=\"wp-image-168\" style=\"width:282px\" srcset=\"https:\/\/lalibrecomedie.fr\/wp-content\/uploads\/2024\/02\/DSC_7539-scaled-e1708118112842-779x1024.jpg 779w, https:\/\/lalibrecomedie.fr\/wp-content\/uploads\/2024\/02\/DSC_7539-scaled-e1708118112842-228x300.jpg 228w, https:\/\/lalibrecomedie.fr\/wp-content\/uploads\/2024\/02\/DSC_7539-scaled-e1708118112842-768x1010.jpg 768w, https:\/\/lalibrecomedie.fr\/wp-content\/uploads\/2024\/02\/DSC_7539-scaled-e1708118112842-1168x1536.jpg 1168w, https:\/\/lalibrecomedie.fr\/wp-content\/uploads\/2024\/02\/DSC_7539-scaled-e1708118112842-1240x1631.jpg 1240w, https:\/\/lalibrecomedie.fr\/wp-content\/uploads\/2024\/02\/DSC_7539-scaled-e1708118112842-508x668.jpg 508w, https:\/\/lalibrecomedie.fr\/wp-content\/uploads\/2024\/02\/DSC_7539-scaled-e1708118112842.jpg 1297w\" sizes=\"auto, (max-width: 779px) 100vw, 779px\" \/><\/figure>\n<\/div>\n\n\n\n<h2 class=\"wp-block-heading\">Best-Of<\/h2>\n\n\n\n<p class=\"has-text-align-center\"><em>Pour bient\u00f4t&#8230;<\/em><\/p>\n\n\n\n<figure class=\"wp-block-video alignwide\"><\/figure>\n\n\n\n<div class=\"wp-block-buttons is-content-justification-center is-layout-flex wp-container-core-buttons-is-layout-1 wp-block-buttons-is-layout-flex\">\n<div class=\"wp-block-button\"><a class=\"wp-block-button__link has-text-align-center wp-element-button\" href=\"https:\/\/lalibrecomedie.fr\/index.php\/anciens-spectacles\/\"><strong>Retour<\/strong><\/a><\/div>\n<\/div>\n\n\n\n<p><\/p>\n","protected":false},"excerpt":{"rendered":"<p>Pr\u00e9sentations C&rsquo;est le 24 d\u00e9cembre. Dehors, un temps \u00e0 ne pas sortir un p\u00e8re no\u00ebl. Marie se perd dans les pr\u00e9paratifs de la f\u00eate&#8230; Son fils Gaston ne pense qu&rsquo;\u00e0 rejoindre sa Cindy&#8230; Ou manger du saucisson&#8230; La belle-m\u00e8re ne pense qu&rsquo;\u00e0 se d\u00e9filer pour emb\u00eater Marie&#8230; Et Roger n&rsquo;est pas rentr\u00e9&#8230; Il faut sauver [&hellip;]<\/p>\n","protected":false},"author":2,"featured_media":0,"parent":0,"menu_order":0,"comment_status":"closed","ping_status":"closed","template":"","meta":{"footnotes":""},"class_list":["post-142","page","type-page","status-publish","hentry"],"jetpack_sharing_enabled":true,"_links":{"self":[{"href":"https:\/\/lalibrecomedie.fr\/index.php\/wp-json\/wp\/v2\/pages\/142","targetHints":{"allow":["GET"]}}],"collection":[{"href":"https:\/\/lalibrecomedie.fr\/index.php\/wp-json\/wp\/v2\/pages"}],"about":[{"href":"https:\/\/lalibrecomedie.fr\/index.php\/wp-json\/wp\/v2\/types\/page"}],"author":[{"embeddable":true,"href":"https:\/\/lalibrecomedie.fr\/index.php\/wp-json\/wp\/v2\/users\/2"}],"replies":[{"embeddable":true,"href":"https:\/\/lalibrecomedie.fr\/index.php\/wp-json\/wp\/v2\/comments?post=142"}],"version-history":[{"count":26,"href":"https:\/\/lalibrecomedie.fr\/index.php\/wp-json\/wp\/v2\/pages\/142\/revisions"}],"predecessor-version":[{"id":1766,"href":"https:\/\/lalibrecomedie.fr\/index.php\/wp-json\/wp\/v2\/pages\/142\/revisions\/1766"}],"wp:attachment":[{"href":"https:\/\/lalibrecomedie.fr\/index.php\/wp-json\/wp\/v2\/media?parent=142"}],"curies":[{"name":"wp","href":"https:\/\/api.w.org\/{rel}","templated":true}]}}