{"id":1337,"date":"2024-03-27T11:33:39","date_gmt":"2024-03-27T10:33:39","guid":{"rendered":"https:\/\/lalibrecomedie.fr\/?page_id=1337"},"modified":"2024-03-27T11:33:39","modified_gmt":"2024-03-27T10:33:39","slug":"billetterie","status":"publish","type":"page","link":"https:\/\/lalibrecomedie.fr\/index.php\/billetterie\/","title":{"rendered":"Billetterie"},"content":{"rendered":"\n<h3 class=\"wp-block-heading\">Notre association passe par la billetterie en ligne HelloAsso.<\/h3>\n\n\n\n<p>Cela vous permet d&rsquo;acc\u00e9der \u00e0 la pr\u00e9vente des billets. Vous pouvez, bien entendu, acheter vos billets sur place.<br><br>C&rsquo;est une plateforme gratuite et solidaire qui est un bon outil pour les associations. Avant de payer, vous pouvez choisir de soutenir HelloAsso. C&rsquo;est facultatif et vous pouvez modifier le montant.<\/p>\n\n\n\n<div class=\"wp-block-buttons is-content-justification-center is-layout-flex wp-container-core-buttons-is-layout-1 wp-block-buttons-is-layout-flex\">\n<div class=\"wp-block-button\"><a class=\"wp-block-button__link has-text-align-center wp-element-button\" href=\"https:\/\/www.helloasso.com\/associations\/la-libre-comedie-association-spectacles-et-patrimoine\" target=\"_blank\" rel=\"noreferrer noopener\">POur acc\u00e9der \u00e0 notre billeterie<\/a><\/div>\n<\/div>\n\n\n\n<p>Pour toute aide ou informations suppl\u00e9mentaires, vous pouvez nous contacter <a href=\"https:\/\/lalibrecomedie.fr\/index.php\/contact\/\" data-type=\"page\" data-id=\"1267\">ici<\/a>. <\/p>\n","protected":false},"excerpt":{"rendered":"<p>Notre association passe par la billetterie en ligne HelloAsso. Cela vous permet d&rsquo;acc\u00e9der \u00e0 la pr\u00e9vente des billets. Vous pouvez, bien entendu, acheter vos billets sur place. C&rsquo;est une plateforme gratuite et solidaire qui est un bon outil pour les associations. Avant de payer, vous pouvez choisir de soutenir HelloAsso. C&rsquo;est facultatif et vous pouvez [&hellip;]<\/p>\n","protected":false},"author":2,"featured_media":0,"parent":0,"menu_order":0,"comment_status":"closed","ping_status":"closed","template":"","meta":{"footnotes":""},"class_list":["post-1337","page","type-page","status-publish","hentry"],"jetpack_sharing_enabled":true,"_links":{"self":[{"href":"https:\/\/lalibrecomedie.fr\/index.php\/wp-json\/wp\/v2\/pages\/1337","targetHints":{"allow":["GET"]}}],"collection":[{"href":"https:\/\/lalibrecomedie.fr\/index.php\/wp-json\/wp\/v2\/pages"}],"about":[{"href":"https:\/\/lalibrecomedie.fr\/index.php\/wp-json\/wp\/v2\/types\/page"}],"author":[{"embeddable":true,"href":"https:\/\/lalibrecomedie.fr\/index.php\/wp-json\/wp\/v2\/users\/2"}],"replies":[{"embeddable":true,"href":"https:\/\/lalibrecomedie.fr\/index.php\/wp-json\/wp\/v2\/comments?post=1337"}],"version-history":[{"count":12,"href":"https:\/\/lalibrecomedie.fr\/index.php\/wp-json\/wp\/v2\/pages\/1337\/revisions"}],"predecessor-version":[{"id":1368,"href":"https:\/\/lalibrecomedie.fr\/index.php\/wp-json\/wp\/v2\/pages\/1337\/revisions\/1368"}],"wp:attachment":[{"href":"https:\/\/lalibrecomedie.fr\/index.php\/wp-json\/wp\/v2\/media?parent=1337"}],"curies":[{"name":"wp","href":"https:\/\/api.w.org\/{rel}","templated":true}]}}